{"id":98,"date":"2014-02-25T15:49:27","date_gmt":"2014-02-25T15:49:27","guid":{"rendered":"http:\/\/localhost\/eatech\/?post_type=product&#038;p=98"},"modified":"2026-01-22T23:26:00","modified_gmt":"2026-01-23T02:26:00","slug":"supressor-de-ruidos","status":"publish","type":"product","link":"https:\/\/www.eatechinterfaces.com.br\/?product=supressor-de-ruidos","title":{"rendered":"Supressor de Ru\u00eddos"},"content":{"rendered":"","protected":false},"excerpt":{"rendered":"<p>Serve para eliminar\/ reduzir os ru\u00eddos na sa\u00edda do amplificador.<\/p>\n<p>Este filtro de ru\u00eddos isola atrav\u00e9s de transformadores a sa\u00edda do CD Player\u00a0 da entrada do amplificador. \u00a0Este tipo de circuito permite um isolamento completo entre os dois terras (CD Player \/ amplificador). \u00a0Nesta situa\u00e7\u00e3o, a diferen\u00e7a de tens\u00e3o entre estes dois terras n\u00e3o ser\u00e1 amplificada e n\u00f3s teremos uma grande redu\u00e7\u00e3o do ru\u00eddo na sa\u00edda do amplificador. O grande diferencial deste produto \u00e9 a linearidade da sa\u00edda de \u00e1udio sem perda de graves e agudos.<\/p>\n","protected":false},"featured_media":99,"comment_status":"open","ping_status":"closed","template":"","meta":[],"product_cat":[25],"product_tag":[],"class_list":{"0":"post-98","1":"product","2":"type-product","3":"status-publish","4":"has-post-thumbnail","6":"product_cat-diversos","8":"first","9":"instock","10":"shipping-taxable","11":"product-type-simple"},"_links":{"self":[{"href":"https:\/\/www.eatechinterfaces.com.br\/index.php?rest_route=\/wp\/v2\/product\/98","targetHints":{"allow":["GET"]}}],"collection":[{"href":"https:\/\/www.eatechinterfaces.com.br\/index.php?rest_route=\/wp\/v2\/product"}],"about":[{"href":"https:\/\/www.eatechinterfaces.com.br\/index.php?rest_route=\/wp\/v2\/types\/product"}],"replies":[{"embeddable":true,"href":"https:\/\/www.eatechinterfaces.com.br\/index.php?rest_route=%2Fwp%2Fv2%2Fcomments&post=98"}],"wp:featuredmedia":[{"embeddable":true,"href":"https:\/\/www.eatechinterfaces.com.br\/index.php?rest_route=\/wp\/v2\/media\/99"}],"wp:attachment":[{"href":"https:\/\/www.eatechinterfaces.com.br\/index.php?rest_route=%2Fwp%2Fv2%2Fmedia&parent=98"}],"wp:term":[{"taxonomy":"product_cat","embeddable":true,"href":"https:\/\/www.eatechinterfaces.com.br\/index.php?rest_route=%2Fwp%2Fv2%2Fproduct_cat&post=98"},{"taxonomy":"product_tag","embeddable":true,"href":"https:\/\/www.eatechinterfaces.com.br\/index.php?rest_route=%2Fwp%2Fv2%2Fproduct_tag&post=98"}],"curies":[{"name":"wp","href":"https:\/\/api.w.org\/{rel}","templated":true}]}}