{"id":95,"date":"2014-02-25T15:26:35","date_gmt":"2014-02-25T15:26:35","guid":{"rendered":"http:\/\/localhost\/eatech\/?post_type=product&#038;p=95"},"modified":"2025-12-02T21:48:22","modified_gmt":"2025-12-03T00:48:22","slug":"regulador-de-camera-de-re","status":"publish","type":"product","link":"https:\/\/www.eatechinterfaces.com.br\/?product=regulador-de-camera-de-re","title":{"rendered":"Regulador de C\u00e2mera de R\u00e9"},"content":{"rendered":"<p>Este equipamento estabiliza e regula a tens\u00e3o 12 volts vindo da l\u00e2mpada de\u00a0r\u00e9 sem interferir no sistema de verifica\u00e7\u00e3o de l\u00e2mpadas do ve\u00edculo.\u00a0Evita tamb\u00e9m a necessidade de fazer adapta\u00e7\u00f5es com coloca\u00e7\u00e3o de rel\u00eas,\u00a0capacitores e diodos.<\/p>\n<p>Nas c\u00e2meras de r\u00e9 o produto evita distor\u00e7\u00f5es e interfer\u00eancias na imagem\u00a0provenientes da alimenta\u00e7\u00e3o.\u00a0Nos sensores de r\u00e9 evita os avisos e apitos falsos provenientes dos picos de\u00a0energia do sistema de verifica\u00e7\u00e3o de l\u00e2mpadas.\u00a0O Regulador funciona em todos os ve\u00edculos multiplex com sistema de\u00a0verifica\u00e7\u00e3o de l\u00e2mpadas, como BMW, Mercedes, Volkswagen (Passat,\u00a0Jetta,Touareg e Tiguan), Porsche, Ford ( fusion e Edge), Chrysler e outros.<\/p>\n","protected":false},"excerpt":{"rendered":"<p>Este produto foi desenvolvido para resolver problemas de conex\u00e3o e\u00a0compatibilidade de c\u00e2meras e sensores de r\u00e9 em carros multiplexados ( CAN\u00a0BUS).<\/p>\n","protected":false},"featured_media":97,"comment_status":"open","ping_status":"closed","template":"","meta":[],"product_cat":[24],"product_tag":[],"class_list":{"0":"post-95","1":"product","2":"type-product","3":"status-publish","4":"has-post-thumbnail","6":"product_cat-reguladores","8":"first","9":"instock","10":"shipping-taxable","11":"product-type-simple"},"_links":{"self":[{"href":"https:\/\/www.eatechinterfaces.com.br\/index.php?rest_route=\/wp\/v2\/product\/95","targetHints":{"allow":["GET"]}}],"collection":[{"href":"https:\/\/www.eatechinterfaces.com.br\/index.php?rest_route=\/wp\/v2\/product"}],"about":[{"href":"https:\/\/www.eatechinterfaces.com.br\/index.php?rest_route=\/wp\/v2\/types\/product"}],"replies":[{"embeddable":true,"href":"https:\/\/www.eatechinterfaces.com.br\/index.php?rest_route=%2Fwp%2Fv2%2Fcomments&post=95"}],"wp:featuredmedia":[{"embeddable":true,"href":"https:\/\/www.eatechinterfaces.com.br\/index.php?rest_route=\/wp\/v2\/media\/97"}],"wp:attachment":[{"href":"https:\/\/www.eatechinterfaces.com.br\/index.php?rest_route=%2Fwp%2Fv2%2Fmedia&parent=95"}],"wp:term":[{"taxonomy":"product_cat","embeddable":true,"href":"https:\/\/www.eatechinterfaces.com.br\/index.php?rest_route=%2Fwp%2Fv2%2Fproduct_cat&post=95"},{"taxonomy":"product_tag","embeddable":true,"href":"https:\/\/www.eatechinterfaces.com.br\/index.php?rest_route=%2Fwp%2Fv2%2Fproduct_tag&post=95"}],"curies":[{"name":"wp","href":"https:\/\/api.w.org\/{rel}","templated":true}]}}