{"id":80,"date":"2014-02-25T14:25:27","date_gmt":"2014-02-25T14:25:27","guid":{"rendered":"http:\/\/localhost\/eatech\/?product=rca-4-canais-com-bass-control"},"modified":"2025-04-16T19:51:44","modified_gmt":"2025-04-16T22:51:44","slug":"rca-4-canais-com-bass-control","status":"publish","type":"product","link":"https:\/\/www.eatechinterfaces.com.br\/?product=rca-4-canais-com-bass-control","title":{"rendered":"Conversor RCA 4 Canais c\/ Bass Control"},"content":{"rendered":"","protected":false},"excerpt":{"rendered":"<p>Este conversor tem a fun\u00e7\u00e3o de transformar os sinais BTL das sa\u00eddas dos equipamentos originais em sa\u00eddas RCA.<\/p>\n<p><strong>Caracter\u00edsticas:<\/strong><\/p>\n<p>Entradas com imped\u00e2ncia de 16\u2126 &#8211; pode ser ligada diretamente na sa\u00edda do player ou em paralelo com os alto-falantes originais.<\/p>\n<p>Sa\u00eddas de \u00e1udio com 4,5 volts preout que garantem fidelidade e aus\u00eancia de ru\u00eddos estacion\u00e1rios.<\/p>\n<p>Sa\u00edda 12 volts com 1A de corrente para acionamento do amplificador. Esta sa\u00edda \u00e9 acionada pela presen\u00e7a de \u00e1udio na entrada e desligamento imediato quando n\u00e3o h\u00e1 mais \u00e1udio.<\/p>\n<p>Controle para n\u00edvel de \u00e1udio remoto, muito \u00fatil quando se utiliza um subwoofer e se quer controlar o volume independentemente do equipamento original de seu carro. Esse controle varia o n\u00edvel de \u00e1udio de 0 a 100% em um potenciometro linear.<\/p>\n<p>Cabos de entrada com 0,5 mm de di\u00e2metro e 1 metro de comprimento e porta-fus\u00edvel na entrada 12 volts.<\/p>\n<p>Cabo do controlador com 5 metros para facilitar a instala\u00e7\u00e3o e diminuir custos, j\u00e1 que \u00e9 poss\u00edvel colocar o conversor ao lado do amplificador e utilizar cabos RCA mais curtos.<\/p>\n","protected":false},"featured_media":480,"comment_status":"open","ping_status":"closed","template":"","meta":[],"product_cat":[15],"product_tag":[],"class_list":{"0":"post-80","1":"product","2":"type-product","3":"status-publish","4":"has-post-thumbnail","6":"product_cat-conversores-rca","8":"first","9":"instock","10":"shipping-taxable","11":"product-type-simple"},"_links":{"self":[{"href":"https:\/\/www.eatechinterfaces.com.br\/index.php?rest_route=\/wp\/v2\/product\/80","targetHints":{"allow":["GET"]}}],"collection":[{"href":"https:\/\/www.eatechinterfaces.com.br\/index.php?rest_route=\/wp\/v2\/product"}],"about":[{"href":"https:\/\/www.eatechinterfaces.com.br\/index.php?rest_route=\/wp\/v2\/types\/product"}],"replies":[{"embeddable":true,"href":"https:\/\/www.eatechinterfaces.com.br\/index.php?rest_route=%2Fwp%2Fv2%2Fcomments&post=80"}],"wp:featuredmedia":[{"embeddable":true,"href":"https:\/\/www.eatechinterfaces.com.br\/index.php?rest_route=\/wp\/v2\/media\/480"}],"wp:attachment":[{"href":"https:\/\/www.eatechinterfaces.com.br\/index.php?rest_route=%2Fwp%2Fv2%2Fmedia&parent=80"}],"wp:term":[{"taxonomy":"product_cat","embeddable":true,"href":"https:\/\/www.eatechinterfaces.com.br\/index.php?rest_route=%2Fwp%2Fv2%2Fproduct_cat&post=80"},{"taxonomy":"product_tag","embeddable":true,"href":"https:\/\/www.eatechinterfaces.com.br\/index.php?rest_route=%2Fwp%2Fv2%2Fproduct_tag&post=80"}],"curies":[{"name":"wp","href":"https:\/\/api.w.org\/{rel}","templated":true}]}}