{"id":626,"date":"2016-12-27T21:26:57","date_gmt":"2016-12-28T00:26:57","guid":{"rendered":"http:\/\/www.eatechinterfaces.com.br\/?post_type=product&#038;p=626"},"modified":"2026-02-11T08:51:55","modified_gmt":"2026-02-11T11:51:55","slug":"desbloqueio-bmw12","status":"publish","type":"product","link":"https:\/\/www.eatechinterfaces.com.br\/?product=desbloqueio-bmw12","title":{"rendered":"Desbloqueio BMW12"},"content":{"rendered":"<p>Com esta interface \u00e9 poss\u00edvel assistir ao v\u00eddeo com o ve\u00edculo em movimento.<br \/>\nA instala\u00e7\u00e3o \u00e9 f\u00e1cil e r\u00e1pida, basta retirar o equipamento do painel e conectar os plugues, fixar a interface e montar o painel novamente.<\/p>\n<p>Ve\u00edculos compat\u00edveis:<\/p>\n<table style=\"height: 417px;\" width=\"348\">\n<tbody>\n<tr>\n<td width=\"217\">MODELO<\/td>\n<td width=\"227\">ANO<\/td>\n<\/tr>\n<tr>\n<td width=\"217\">\u00a0BMW S\u00e9rie 1<\/td>\n<td width=\"227\">2012, 2013, 2014, 2015, 201<\/td>\n<\/tr>\n<tr>\n<td width=\"217\">\u00a0BMW S\u00e9rie 2<\/td>\n<td width=\"227\">2015, 2016<\/td>\n<\/tr>\n<tr>\n<td width=\"217\">\u00a0BMW S\u00e9rie 3<\/td>\n<td width=\"227\">2012, 2013, 2014, 2015, 2016<\/td>\n<\/tr>\n<tr>\n<td width=\"217\">\u00a0BMW S\u00e9rie 4<\/td>\n<td width=\"227\">2014, 2015, 2016<\/td>\n<\/tr>\n<tr>\n<td width=\"217\">\u00a0BMW S\u00e9rie 5<\/td>\n<td width=\"227\">2013, 2014, 2015, 2016<\/td>\n<\/tr>\n<tr>\n<td width=\"217\">\u00a0BMW S\u00e9rie 6<\/td>\n<td width=\"227\">2014, 2015, 2016<\/td>\n<\/tr>\n<tr>\n<td width=\"217\">\u00a0BMW S\u00e9rie 7<\/td>\n<td width=\"227\">2013, 2014, 2015, 2016<\/td>\n<\/tr>\n<tr>\n<td width=\"217\">\u00a0BMW X1<\/td>\n<td width=\"227\">2016<\/td>\n<\/tr>\n<tr>\n<td width=\"217\">\u00a0BMW X3<\/td>\n<td width=\"227\">2014, 2015, 2016<\/td>\n<\/tr>\n<tr>\n<td width=\"217\">\u00a0BMW X4<\/td>\n<td width=\"227\">2015, 2016<\/td>\n<\/tr>\n<tr>\n<td width=\"217\">\u00a0BMW X5<\/td>\n<td width=\"227\">2014, 2015, 2016<\/td>\n<\/tr>\n<tr>\n<td width=\"217\">\u00a0BMW X6<\/td>\n<td width=\"227\">2015, 2016<\/td>\n<\/tr>\n<tr>\n<td width=\"217\">\u00a0BMW M4<\/td>\n<td width=\"227\">2014, 2015, 2016<\/td>\n<\/tr>\n<tr>\n<td width=\"217\">\u00a0BMW M5<\/td>\n<td width=\"227\">2014, 2015, 2016<\/td>\n<\/tr>\n<tr>\n<td width=\"217\">\u00a0BMW M6<\/td>\n<td width=\"227\">2014, 2015, 2016<\/td>\n<\/tr>\n<\/tbody>\n<\/table>\n<p>&nbsp;<\/p>\n","protected":false},"excerpt":{"rendered":"<p>Este equipamento destina-se \u00e0 libera\u00e7\u00e3o de v\u00eddeo em movimento para autom\u00f3veis BMW, ano 2012 ou acima. Todas as conex\u00f5es s\u00e3o do tipo Plug And Play.<\/p>\n<p>Manual Pdf:\u00a0<a href=\"http:\/\/www.eatechinterfaces.com.br\/wp-content\/uploads\/2017\/05\/EDV-052-DESBLOQUEIO-BMW-12.pdf\"><img loading=\"lazy\" decoding=\"async\" class=\"alignnone wp-image-622 size-full\" src=\"http:\/\/www.eatechinterfaces.com.br\/wp-content\/uploads\/2016\/12\/logo_pdf-e1482882874548.png\" alt=\"logo_pdf_bmw12\" width=\"52\" height=\"52\" \/><\/a><\/p>\n","protected":false},"featured_media":627,"comment_status":"open","ping_status":"closed","template":"","meta":[],"product_cat":[18],"product_tag":[],"class_list":{"0":"post-626","1":"product","2":"type-product","3":"status-publish","4":"has-post-thumbnail","6":"product_cat-desbloqueio","8":"first","9":"instock","10":"shipping-taxable","11":"product-type-simple"},"_links":{"self":[{"href":"https:\/\/www.eatechinterfaces.com.br\/index.php?rest_route=\/wp\/v2\/product\/626","targetHints":{"allow":["GET"]}}],"collection":[{"href":"https:\/\/www.eatechinterfaces.com.br\/index.php?rest_route=\/wp\/v2\/product"}],"about":[{"href":"https:\/\/www.eatechinterfaces.com.br\/index.php?rest_route=\/wp\/v2\/types\/product"}],"replies":[{"embeddable":true,"href":"https:\/\/www.eatechinterfaces.com.br\/index.php?rest_route=%2Fwp%2Fv2%2Fcomments&post=626"}],"wp:featuredmedia":[{"embeddable":true,"href":"https:\/\/www.eatechinterfaces.com.br\/index.php?rest_route=\/wp\/v2\/media\/627"}],"wp:attachment":[{"href":"https:\/\/www.eatechinterfaces.com.br\/index.php?rest_route=%2Fwp%2Fv2%2Fmedia&parent=626"}],"wp:term":[{"taxonomy":"product_cat","embeddable":true,"href":"https:\/\/www.eatechinterfaces.com.br\/index.php?rest_route=%2Fwp%2Fv2%2Fproduct_cat&post=626"},{"taxonomy":"product_tag","embeddable":true,"href":"https:\/\/www.eatechinterfaces.com.br\/index.php?rest_route=%2Fwp%2Fv2%2Fproduct_tag&post=626"}],"curies":[{"name":"wp","href":"https:\/\/api.w.org\/{rel}","templated":true}]}}