{"id":612,"date":"2016-11-15T18:58:18","date_gmt":"2016-11-15T21:58:18","guid":{"rendered":"http:\/\/www.eatechinterfaces.com.br\/?post_type=product&#038;p=612"},"modified":"2025-12-02T21:46:55","modified_gmt":"2025-12-03T00:46:55","slug":"desbloqueio-kia-hyundai-2","status":"publish","type":"product","link":"https:\/\/www.eatechinterfaces.com.br\/?product=desbloqueio-kia-hyundai-2","title":{"rendered":"Desbloqueio Kia-Hyundai"},"content":{"rendered":"<p>Com esta interface \u00e9 poss\u00edvel assistir ao v\u00eddeo com o ve\u00edculo em movimento.<br \/>\nA instala\u00e7\u00e3o \u00e9 f\u00e1cil e r\u00e1pida, basta retirar o equipamento do painel e conectar os plugues, fixar a interface e montar o painel novamente.<\/p>\n<p>A interface disp\u00f5e de uma entrada auxilar de \u00e1udio\/v\u00eddeo para a coloca\u00e7\u00e3o de outros dispositivos, como TV digital, espelhamento de celular e outros. Para acessar essa entrada, basta pressionar a fun\u00e7\u00e3o auxiliar no menu do multim\u00eddia.<\/p>\n","protected":false},"excerpt":{"rendered":"<p>Este equipamento destina-se \u00e0 libera\u00e7\u00e3o de v\u00eddeo em movimento para os autom\u00f3veis Kia Sorento 2015&lt;&lt;, Sportage 2016&lt;&lt;, Soul, Carnival, Hyundai i30, Sonata, Elantra, Santa F\u00e9 e Grand Santa F\u00e9. Todas as conex\u00f5es s\u00e3o do tipo Plug and Play.<\/p>\n<p>Manual Pdf:\u00a0<a href=\"http:\/\/www.eatechinterfaces.com.br\/wp-content\/uploads\/2017\/05\/EDV-010-DESBLOQUEIO-KIA-HYUNDAY.pdf\"><img loading=\"lazy\" decoding=\"async\" class=\"alignnone wp-image-617 size-full\" src=\"http:\/\/www.eatechinterfaces.com.br\/wp-content\/uploads\/2016\/11\/logo_pdf4-e1479257888497.png\" alt=\"logo_pdf_kia-hundai\" width=\"52\" height=\"52\" \/><\/a><\/p>\n","protected":false},"featured_media":613,"comment_status":"open","ping_status":"closed","template":"","meta":[],"product_cat":[18],"product_tag":[],"class_list":{"0":"post-612","1":"product","2":"type-product","3":"status-publish","4":"has-post-thumbnail","6":"product_cat-desbloqueio","8":"first","9":"instock","10":"shipping-taxable","11":"product-type-simple"},"_links":{"self":[{"href":"https:\/\/www.eatechinterfaces.com.br\/index.php?rest_route=\/wp\/v2\/product\/612","targetHints":{"allow":["GET"]}}],"collection":[{"href":"https:\/\/www.eatechinterfaces.com.br\/index.php?rest_route=\/wp\/v2\/product"}],"about":[{"href":"https:\/\/www.eatechinterfaces.com.br\/index.php?rest_route=\/wp\/v2\/types\/product"}],"replies":[{"embeddable":true,"href":"https:\/\/www.eatechinterfaces.com.br\/index.php?rest_route=%2Fwp%2Fv2%2Fcomments&post=612"}],"wp:featuredmedia":[{"embeddable":true,"href":"https:\/\/www.eatechinterfaces.com.br\/index.php?rest_route=\/wp\/v2\/media\/613"}],"wp:attachment":[{"href":"https:\/\/www.eatechinterfaces.com.br\/index.php?rest_route=%2Fwp%2Fv2%2Fmedia&parent=612"}],"wp:term":[{"taxonomy":"product_cat","embeddable":true,"href":"https:\/\/www.eatechinterfaces.com.br\/index.php?rest_route=%2Fwp%2Fv2%2Fproduct_cat&post=612"},{"taxonomy":"product_tag","embeddable":true,"href":"https:\/\/www.eatechinterfaces.com.br\/index.php?rest_route=%2Fwp%2Fv2%2Fproduct_tag&post=612"}],"curies":[{"name":"wp","href":"https:\/\/api.w.org\/{rel}","templated":true}]}}