{"id":591,"date":"2016-11-02T18:23:11","date_gmt":"2016-11-02T21:23:11","guid":{"rendered":"http:\/\/www.eatechinterfaces.com.br\/?post_type=product&#038;p=591"},"modified":"2025-10-24T00:12:39","modified_gmt":"2025-10-24T03:12:39","slug":"desbloqueio-hyundai-hb20-2016","status":"publish","type":"product","link":"https:\/\/www.eatechinterfaces.com.br\/?product=desbloqueio-hyundai-hb20-2016","title":{"rendered":"Desbloqueio Hyundai HB20 2016"},"content":{"rendered":"<p>Este produto habilita uma entrada de v\u00eddeo para a instala\u00e7\u00e3o de uma c\u00e2mera de r\u00e9. A configura\u00e7\u00e3o \u00e9 autom\u00e1tica, n\u00e3o \u00e9 necess\u00e1rio fazer liga\u00e7\u00e3o na l\u00e2mpada da luz de r\u00e9.<\/p>\n<p>Al\u00e9m do desbloqueio, a interface tamb\u00e9m habilita uma entrada de \u00e1udio\/v\u00eddeo para a instala\u00e7\u00e3o de uma TV digital ou mirror cast.<\/p>\n<p>No caso da instala\u00e7\u00e3o de uma TV digital, \u00e9 poss\u00edvel fazer a troca de canais diretamente no controle de volante do ve\u00edculo.<\/p>\n","protected":false},"excerpt":{"rendered":"<p>Este equipamento destina-se \u00e0 libera\u00e7\u00e3o de v\u00eddeo em movimento para os autom\u00f3veis Hyundai HB20 2016&gt;&gt;. Todas as conex\u00f5es s\u00e3o do tipo Plug and Play.<\/p>\n<p>Manual Pdf:\u00a0<a href=\"hhttp:\/\/www.eatechinterfaces.com.br\/wp-content\/uploads\/2017\/05\/EDV-040-DESBLOQUEIO-HYUNDAY-HB20-2016.pdf\"><img loading=\"lazy\" decoding=\"async\" class=\"alignnone wp-image-599 size-full\" src=\"http:\/\/www.eatechinterfaces.com.br\/wp-content\/uploads\/2016\/11\/logo_pdf2-e1479139018402.png\" alt=\"logo_pdf_hb20 2016\" width=\"52\" height=\"52\" \/><\/a><\/p>\n","protected":false},"featured_media":593,"comment_status":"open","ping_status":"closed","template":"","meta":[],"product_cat":[18],"product_tag":[],"class_list":{"0":"post-591","1":"product","2":"type-product","3":"status-publish","4":"has-post-thumbnail","6":"product_cat-desbloqueio","8":"first","9":"instock","10":"shipping-taxable","11":"product-type-simple"},"_links":{"self":[{"href":"https:\/\/www.eatechinterfaces.com.br\/index.php?rest_route=\/wp\/v2\/product\/591","targetHints":{"allow":["GET"]}}],"collection":[{"href":"https:\/\/www.eatechinterfaces.com.br\/index.php?rest_route=\/wp\/v2\/product"}],"about":[{"href":"https:\/\/www.eatechinterfaces.com.br\/index.php?rest_route=\/wp\/v2\/types\/product"}],"replies":[{"embeddable":true,"href":"https:\/\/www.eatechinterfaces.com.br\/index.php?rest_route=%2Fwp%2Fv2%2Fcomments&post=591"}],"wp:featuredmedia":[{"embeddable":true,"href":"https:\/\/www.eatechinterfaces.com.br\/index.php?rest_route=\/wp\/v2\/media\/593"}],"wp:attachment":[{"href":"https:\/\/www.eatechinterfaces.com.br\/index.php?rest_route=%2Fwp%2Fv2%2Fmedia&parent=591"}],"wp:term":[{"taxonomy":"product_cat","embeddable":true,"href":"https:\/\/www.eatechinterfaces.com.br\/index.php?rest_route=%2Fwp%2Fv2%2Fproduct_cat&post=591"},{"taxonomy":"product_tag","embeddable":true,"href":"https:\/\/www.eatechinterfaces.com.br\/index.php?rest_route=%2Fwp%2Fv2%2Fproduct_tag&post=591"}],"curies":[{"name":"wp","href":"https:\/\/api.w.org\/{rel}","templated":true}]}}