{"id":588,"date":"2016-11-02T17:52:15","date_gmt":"2016-11-02T20:52:15","guid":{"rendered":"http:\/\/www.eatechinterfaces.com.br\/?post_type=product&#038;p=588"},"modified":"2025-12-02T21:46:39","modified_gmt":"2025-12-03T00:46:39","slug":"desbloqueio-hyundai-azera","status":"publish","type":"product","link":"https:\/\/www.eatechinterfaces.com.br\/?product=desbloqueio-hyundai-azera","title":{"rendered":"Desbloqueio Hyundai Azera"},"content":{"rendered":"<p>Al\u00e9m do desbloqueio do DVD, a interface tamb\u00e9m habilita uma entrada de \u00e1udio\/v\u00eddeo para a instala\u00e7\u00e3o de uma TV digital ou mirror cast. No caso da instala\u00e7\u00e3o de uma TV digital, \u00e9 poss\u00edvel fazer a troca de canais diretamente no controle de volante do ve\u00edculo.<\/p>\n","protected":false},"excerpt":{"rendered":"<p>Este equipamento destina-se \u00e0 libera\u00e7\u00e3o de v\u00eddeo em movimento para os autom\u00f3veis Hyundai Azera 2014 ou acima. Todas as conex\u00f5es s\u00e3o do tipo Plug and Play.<\/p>\n<p>Manual Pdf:\u00a0<a href=\"http:\/\/www.eatechinterfaces.com.br\/wp-content\/uploads\/2017\/05\/EDV-039-DESBLOQUEIO-HYUNDAI-AZERA.pdf\"><img loading=\"lazy\" decoding=\"async\" class=\"alignnone wp-image-598 size-full\" src=\"http:\/\/www.eatechinterfaces.com.br\/wp-content\/uploads\/2016\/11\/logo_pdf1-e1479137713614.png\" alt=\"logo_pdf_azera\" width=\"52\" height=\"52\" \/><\/a><\/p>\n","protected":false},"featured_media":589,"comment_status":"open","ping_status":"closed","template":"","meta":[],"product_cat":[18],"product_tag":[],"class_list":{"0":"post-588","1":"product","2":"type-product","3":"status-publish","4":"has-post-thumbnail","6":"product_cat-desbloqueio","8":"first","9":"instock","10":"shipping-taxable","11":"product-type-simple"},"_links":{"self":[{"href":"https:\/\/www.eatechinterfaces.com.br\/index.php?rest_route=\/wp\/v2\/product\/588","targetHints":{"allow":["GET"]}}],"collection":[{"href":"https:\/\/www.eatechinterfaces.com.br\/index.php?rest_route=\/wp\/v2\/product"}],"about":[{"href":"https:\/\/www.eatechinterfaces.com.br\/index.php?rest_route=\/wp\/v2\/types\/product"}],"replies":[{"embeddable":true,"href":"https:\/\/www.eatechinterfaces.com.br\/index.php?rest_route=%2Fwp%2Fv2%2Fcomments&post=588"}],"wp:featuredmedia":[{"embeddable":true,"href":"https:\/\/www.eatechinterfaces.com.br\/index.php?rest_route=\/wp\/v2\/media\/589"}],"wp:attachment":[{"href":"https:\/\/www.eatechinterfaces.com.br\/index.php?rest_route=%2Fwp%2Fv2%2Fmedia&parent=588"}],"wp:term":[{"taxonomy":"product_cat","embeddable":true,"href":"https:\/\/www.eatechinterfaces.com.br\/index.php?rest_route=%2Fwp%2Fv2%2Fproduct_cat&post=588"},{"taxonomy":"product_tag","embeddable":true,"href":"https:\/\/www.eatechinterfaces.com.br\/index.php?rest_route=%2Fwp%2Fv2%2Fproduct_tag&post=588"}],"curies":[{"name":"wp","href":"https:\/\/api.w.org\/{rel}","templated":true}]}}