{"id":587,"date":"2016-11-02T17:05:36","date_gmt":"2016-11-02T20:05:36","guid":{"rendered":"http:\/\/www.eatechinterfaces.com.br\/?post_type=product&#038;p=587"},"modified":"2025-09-24T01:15:04","modified_gmt":"2025-09-24T04:15:04","slug":"interface-de-volante-renault-v3","status":"publish","type":"product","link":"https:\/\/www.eatechinterfaces.com.br\/?product=interface-de-volante-renault-v3","title":{"rendered":"Interface de volante RENAULT V3"},"content":{"rendered":"<p><span style=\"color: #666666;\">As seguintes marcas est\u00e3o dispon\u00edveis: Pioneer, Sony, Kenwood, \u00a0Alpine, Clarion, \u00a0JVC, Multilaser, P\u00f2sitron, Caska, Aikon, M1, Winca, Road Rover, Dsw, e outras centrais Multim\u00eddia que tenham entrada Key, Ad1 ou Swc.<\/span><\/p>\n","protected":false},"excerpt":{"rendered":"<p><span style=\"color: #666666;\">A interface Renault\u00a0V3\u00a0funciona perfeitamente em ve\u00edculos Renault com controle de volante sat\u00e9lite. Este modelo tem 2 formas de controlar o aparelho que ser\u00e1 instalado, por cabo P2, fio ou infravermelho. As configura\u00e7\u00f5es s\u00e3o feitas atrav\u00e9s de\u00a0chaves\u00a0dentro da interface.<\/span><\/p>\n","protected":false},"featured_media":527,"comment_status":"open","ping_status":"closed","template":"","meta":[],"product_cat":[14],"product_tag":[],"class_list":{"0":"post-587","1":"product","2":"type-product","3":"status-publish","4":"has-post-thumbnail","6":"product_cat-interfaces-volante","8":"first","9":"instock","10":"shipping-taxable","11":"product-type-simple"},"_links":{"self":[{"href":"https:\/\/www.eatechinterfaces.com.br\/index.php?rest_route=\/wp\/v2\/product\/587","targetHints":{"allow":["GET"]}}],"collection":[{"href":"https:\/\/www.eatechinterfaces.com.br\/index.php?rest_route=\/wp\/v2\/product"}],"about":[{"href":"https:\/\/www.eatechinterfaces.com.br\/index.php?rest_route=\/wp\/v2\/types\/product"}],"replies":[{"embeddable":true,"href":"https:\/\/www.eatechinterfaces.com.br\/index.php?rest_route=%2Fwp%2Fv2%2Fcomments&post=587"}],"wp:featuredmedia":[{"embeddable":true,"href":"https:\/\/www.eatechinterfaces.com.br\/index.php?rest_route=\/wp\/v2\/media\/527"}],"wp:attachment":[{"href":"https:\/\/www.eatechinterfaces.com.br\/index.php?rest_route=%2Fwp%2Fv2%2Fmedia&parent=587"}],"wp:term":[{"taxonomy":"product_cat","embeddable":true,"href":"https:\/\/www.eatechinterfaces.com.br\/index.php?rest_route=%2Fwp%2Fv2%2Fproduct_cat&post=587"},{"taxonomy":"product_tag","embeddable":true,"href":"https:\/\/www.eatechinterfaces.com.br\/index.php?rest_route=%2Fwp%2Fv2%2Fproduct_tag&post=587"}],"curies":[{"name":"wp","href":"https:\/\/api.w.org\/{rel}","templated":true}]}}