{"id":48,"date":"2014-02-24T19:19:48","date_gmt":"2014-02-24T19:19:48","guid":{"rendered":"http:\/\/localhost\/eatech\/?post_type=product&#038;p=48"},"modified":"2025-04-16T13:29:32","modified_gmt":"2025-04-16T16:29:32","slug":"interface-ir","status":"publish","type":"product","link":"https:\/\/www.eatechinterfaces.com.br\/?product=interface-ir","title":{"rendered":"Interface de volante MINI-SWC V3"},"content":{"rendered":"<p>As seguintes marcas est\u00e3o dispon\u00edveis: Pioneer, Sony, Kenwood, \u00a0Alpine, Clarion, \u00a0JVC, Multilaser, P\u00f2sitron, Caska, Aikon, M1, Winca, Road Rover, Dsw, e outras centrais Multim\u00eddia que tenham entrada Key, Ad1 ou Swc.<\/p>\n","protected":false},"excerpt":{"rendered":"<p><span style=\"color: #666666;\">A interface\u00a0MINI-SWC funciona perfeitamente em ve\u00edculos com rede anal\u00f3gica resistiva. Compatibiliza os comandos do volante de ve\u00edculos nacionais e importados. Este modelo tem 2 formas de controlar o aparelho que ser\u00e1 instalado, por cabo P2 ou infravermelho. As configura\u00e7\u00f5es s\u00e3o feitas atrav\u00e9s de chaves\u00a0dentro da interface.<\/span><\/p>\n","protected":false},"featured_media":447,"comment_status":"open","ping_status":"closed","template":"","meta":[],"product_cat":[14],"product_tag":[28],"class_list":{"0":"post-48","1":"product","2":"type-product","3":"status-publish","4":"has-post-thumbnail","6":"product_cat-interfaces-volante","7":"product_tag-universal","9":"first","10":"instock","11":"shipping-taxable","12":"product-type-simple"},"_links":{"self":[{"href":"https:\/\/www.eatechinterfaces.com.br\/index.php?rest_route=\/wp\/v2\/product\/48","targetHints":{"allow":["GET"]}}],"collection":[{"href":"https:\/\/www.eatechinterfaces.com.br\/index.php?rest_route=\/wp\/v2\/product"}],"about":[{"href":"https:\/\/www.eatechinterfaces.com.br\/index.php?rest_route=\/wp\/v2\/types\/product"}],"replies":[{"embeddable":true,"href":"https:\/\/www.eatechinterfaces.com.br\/index.php?rest_route=%2Fwp%2Fv2%2Fcomments&post=48"}],"wp:featuredmedia":[{"embeddable":true,"href":"https:\/\/www.eatechinterfaces.com.br\/index.php?rest_route=\/wp\/v2\/media\/447"}],"wp:attachment":[{"href":"https:\/\/www.eatechinterfaces.com.br\/index.php?rest_route=%2Fwp%2Fv2%2Fmedia&parent=48"}],"wp:term":[{"taxonomy":"product_cat","embeddable":true,"href":"https:\/\/www.eatechinterfaces.com.br\/index.php?rest_route=%2Fwp%2Fv2%2Fproduct_cat&post=48"},{"taxonomy":"product_tag","embeddable":true,"href":"https:\/\/www.eatechinterfaces.com.br\/index.php?rest_route=%2Fwp%2Fv2%2Fproduct_tag&post=48"}],"curies":[{"name":"wp","href":"https:\/\/api.w.org\/{rel}","templated":true}]}}