{"id":35,"date":"2014-02-24T18:14:57","date_gmt":"2014-02-24T18:14:57","guid":{"rendered":"http:\/\/localhost\/eatech\/?page_id=35"},"modified":"2024-12-05T12:35:02","modified_gmt":"2024-12-05T15:35:02","slug":"quem-somos","status":"publish","type":"page","link":"https:\/\/www.eatechinterfaces.com.br\/?page_id=35","title":{"rendered":"Quem somos"},"content":{"rendered":"  <div id=\"page-header-992635891\" class=\"page-header-wrapper\">\n  <div class=\"page-title dark normal-title\">\n\n        <div class=\"page-title-bg\">\n      <div class=\"title-bg fill bg-fill\"\n        data-parallax-container=\".page-title\"\n        data-parallax-background\n        data-parallax=\"-\">\n      <\/div>\n      <div class=\"title-overlay fill\"><\/div>\n    <\/div>\n    \n    <div class=\"page-title-inner container align-center text-center flex-row-col medium-flex-wrap\" >\n              <div class=\"title-wrapper uppercase flex-col\">\n          <h1 class=\"entry-title mb-0\">\n            Quem somos          <\/h1>\n        <\/div>\n                    <div class=\"title-content flex-col\">\n        <ul class=\"nav sm-touch-scroll nav-simple nav-uppercase text-center nav-center\"><li class=\"nav-single-page hidden\"><\/li><\/ul>      <\/div>\n    <\/div>\n\n     \n<style>\n#page-header-992635891 .page-title-inner {\n  min-height: 99px;\n}\n#page-header-992635891 {\n  margin-bottom: 33px;\n}\n#page-header-992635891 .normal-title {\n  background-color: rgb(255, 0, 0);\n}\n<\/style>\n  <\/div>\n    <\/div>\n  \n<div class=\"row\"  id=\"row-557265944\">\n\n\t<div id=\"col-2103301904\" class=\"col medium-7 small-12 large-7\"  >\n\t\t\t\t<div class=\"col-inner\"  >\n\t\t\t\n\t\t\t\n<p>A <strong>Eatech Interfaces<\/strong> surgiu para atender a uma demanda crescente por produtos e acess\u00f3rios automotivos adaptados ao mercado nacional. Nossos equipamentos s\u00e3o desenvolvidos com componentes de alta qualidade e tecnologia de ponta. Contamos com uma equipe experiente, especializada em sonoriza\u00e7\u00e3o automotiva h\u00e1 mais de 20 anos, que acompanha cada etapa dos projetos, desde a concep\u00e7\u00e3o at\u00e9 a fabrica\u00e7\u00e3o.<\/p>\n<p>Nossos produtos oferecem solu\u00e7\u00f5es pr\u00e1ticas e eficazes para os desafios enfrentados diariamente por lojistas e instaladores de acess\u00f3rios. Entre os itens que produzimos, est\u00e3o <strong>Conversores RCA<\/strong>, <strong>supressores de ru\u00eddo<\/strong>, <strong>desbloqueios de v\u00eddeo em movimento para centrais multim\u00eddia<\/strong> e <strong>interfaces de volante<\/strong>, projetados para garantir qualidade e seguran\u00e7a.<\/p>\n\t\t<\/div>\n\t\t\t\t\t<\/div>\n\n\t\n\n\t<div id=\"col-161422453\" class=\"col medium-5 small-12 large-5\"  >\n\t\t\t\t<div class=\"col-inner\"  >\n\t\t\t\n\t\t\t\n\t<div class=\"img has-hover x md-x lg-x y md-y lg-y\" id=\"image_1364377617\">\n\t\t\t\t\t\t\t\t<div class=\"img-inner dark\" >\n\t\t\t\t\t\t\t\t\t\n\t\t\t\t\t<\/div>\n\t\t\t\t\t\t\t\t\n<style>\n#image_1364377617 {\n  width: 100%;\n}\n<\/style>\n\t<\/div>\n\t\n\t\t<\/div>\n\t\t\t\t\t<\/div>\n\n\t\n<\/div>\n","protected":false},"excerpt":{"rendered":"","protected":false},"author":1,"featured_media":0,"parent":0,"menu_order":0,"comment_status":"closed","ping_status":"closed","template":"page-blank.php","meta":{"footnotes":""},"class_list":["post-35","page","type-page","status-publish","hentry"],"_links":{"self":[{"href":"https:\/\/www.eatechinterfaces.com.br\/index.php?rest_route=\/wp\/v2\/pages\/35","targetHints":{"allow":["GET"]}}],"collection":[{"href":"https:\/\/www.eatechinterfaces.com.br\/index.php?rest_route=\/wp\/v2\/pages"}],"about":[{"href":"https:\/\/www.eatechinterfaces.com.br\/index.php?rest_route=\/wp\/v2\/types\/page"}],"author":[{"embeddable":true,"href":"https:\/\/www.eatechinterfaces.com.br\/index.php?rest_route=\/wp\/v2\/users\/1"}],"replies":[{"embeddable":true,"href":"https:\/\/www.eatechinterfaces.com.br\/index.php?rest_route=%2Fwp%2Fv2%2Fcomments&post=35"}],"version-history":[{"count":21,"href":"https:\/\/www.eatechinterfaces.com.br\/index.php?rest_route=\/wp\/v2\/pages\/35\/revisions"}],"predecessor-version":[{"id":2717,"href":"https:\/\/www.eatechinterfaces.com.br\/index.php?rest_route=\/wp\/v2\/pages\/35\/revisions\/2717"}],"wp:attachment":[{"href":"https:\/\/www.eatechinterfaces.com.br\/index.php?rest_route=%2Fwp%2Fv2%2Fmedia&parent=35"}],"curies":[{"name":"wp","href":"https:\/\/api.w.org\/{rel}","templated":true}]}}