{"id":249,"date":"2014-06-24T00:06:51","date_gmt":"2014-06-24T00:06:51","guid":{"rendered":"http:\/\/www.eatechinterfaces.com.br\/?page_id=249"},"modified":"2026-03-16T22:29:59","modified_gmt":"2026-03-17T01:29:59","slug":"outros-produtos","status":"publish","type":"page","link":"https:\/\/www.eatechinterfaces.com.br\/?page_id=249","title":{"rendered":"Outros Produtos"},"content":{"rendered":"<h5>\u00a0 <strong>\u00a0 <span style=\"color: #800000;\"><span style=\"vertical-align: inherit;\"><span style=\"vertical-align: inherit;\"><span style=\"vertical-align: inherit;\"><span style=\"vertical-align: inherit;\">\u00a0<span style=\"color: #ff6600;\"><span style=\"vertical-align: inherit;\"><span style=\"vertical-align: inherit;\">Manuais<\/span><\/span><\/span><\/span><\/span><\/span><\/span><\/span><\/strong><\/h5>\n<p><span style=\"color: #ff6600;\">\u00a0<\/span><\/p>\n<ul>\n<li>\n<h5><span style=\"color: #ff6600;\"><a style=\"color: #ff6600;\" href=\"http:\/\/www.eatechinterfaces.com.br\/wp-content\/uploads\/2026\/03\/ERV-016-REGULADOS-12VOLTS.pdf\">ERV-016 &#8211; Regulador 12 volts<\/a><\/span><\/h5>\n<\/li>\n<li>\n<h5><span style=\"color: #ff6600;\"><a style=\"color: #ff6600;\" href=\"http:\/\/www.eatechinterfaces.com.br\/wp-content\/uploads\/2026\/03\/ERV-017-REGULADOR-8VOLTS.pdf\">ERV-017 &#8211; Regulador 8 volts<\/a><\/span><\/h5>\n<\/li>\n<li>\n<h5><span style=\"color: #ff6600;\"><a style=\"color: #ff6600;\" href=\"http:\/\/www.eatechinterfaces.com.br\/wp-content\/uploads\/2026\/03\/EAR-018-ACIONAMENTO-REMOTO.pdf\">EAR-018 &#8211; Acionamento remoto<\/a><\/span><\/h5>\n<\/li>\n<li>\n<h5><span style=\"color: #ff6600;\"><a style=\"color: #ff6600;\" href=\"http:\/\/www.eatechinterfaces.com.br\/wp-content\/uploads\/2026\/03\/ETC-020-TEMPORIZADOR-PARA-SENSOR-DE-ESTACIONAMENTO-FRONTAL.pdf\">ETC-020 &#8211; Temporizador para sensor de estacionamento frontal<\/a><\/span><\/h5>\n<\/li>\n<li>\n<h5><span style=\"color: #ff6600;\"><a style=\"color: #ff6600;\" href=\"http:\/\/www.eatechinterfaces.com.br\/wp-content\/uploads\/2026\/03\/ETA-021-TEMPORIZADOR-30-MINUTOS-PARA-POS-CHAVE.pdf\">ETA-021 &#8211; Temporizador 30 minutos para p\u00f3s-chave<\/a><\/span><\/h5>\n<\/li>\n<li>\n<h5><span style=\"color: #ff6600;\"><a style=\"color: #ff6600;\" href=\"http:\/\/www.eatechinterfaces.com.br\/wp-content\/uploads\/2026\/03\/ESI-035-SIMULADOR-DE-IMPEDANCIA.pdf\">ESI-035 &#8211; Simulador de imped\u00e2ncia.<\/a><\/span><\/h5>\n<\/li>\n<li>\n<h5><span style=\"color: #ff6600;\"><a style=\"color: #ff6600;\" href=\"http:\/\/www.eatechinterfaces.com.br\/wp-content\/uploads\/2026\/03\/ECC-077-CHAVEADOR-VIDEO-PARA-2-CAMERAS.pdf\">ECC-077 &#8211; Chaveador de v\u00eddeo para 2 c\u00e2meras<\/a><\/span><\/h5>\n<\/li>\n<li>\n<h5><span style=\"color: #ff6600;\"><a style=\"color: #ff6600;\" href=\"http:\/\/www.eatechinterfaces.com.br\/wp-content\/uploads\/2026\/03\/ESS-089-ANTIDESLIGAMENTO-START-STOP.pdf\">ESS-089 &#8211; Antidesligamento start-stop<\/a><\/span><\/h5>\n<\/li>\n<li>\n<h5><span style=\"color: #ff6600;\"><a style=\"color: #ff6600;\" href=\"http:\/\/www.eatechinterfaces.com.br\/wp-content\/uploads\/2026\/03\/EFSL-096-FONTE-TEMPORIZADA-30VOLTS.pdf\">EFSL-096 &#8211; Fonte temporizada 30 volts para Starlink<\/a><\/span><\/h5>\n<\/li>\n<li>\n<h5><span style=\"color: #ff6600;\"><a style=\"color: #ff6600;\" href=\"http:\/\/www.eatechinterfaces.com.br\/wp-content\/uploads\/2026\/03\/EEC-102-EMULADOR-CAN-VOLKSWAGEM.pdf\">EEC-102 &#8211; Emulador CAN Volkswagen<\/a><\/span><\/h5>\n<\/li>\n<li>\n<h5><span style=\"color: #ff6600;\"><a style=\"color: #ff6600;\" href=\"http:\/\/www.eatechinterfaces.com.br\/wp-content\/uploads\/2026\/03\/ECAT-103-CHICOTE-TOYOTA-PLUG-PLAY.pdf\">ECAT-103 &#8211; Chicote Toyota Plug &amp; Play<\/a><\/span><\/h5>\n<\/li>\n<li>\n<h5><span style=\"color: #ff6600;\"><a style=\"color: #ff6600;\" href=\"http:\/\/www.eatechinterfaces.com.br\/wp-content\/uploads\/2026\/03\/ERV-106-REGULADOR-24-VOLTS-.pdf\">ERV-106 &#8211; Regulador 24 volts<\/a>\u00a0<\/span><\/h5>\n<\/li>\n<li>\n<h5><span style=\"color: #ff6600;\"><a style=\"color: #ff6600;\" href=\"http:\/\/www.eatechinterfaces.com.br\/wp-content\/uploads\/2026\/03\/ERV-107-REGULADOR-24V-PARA-12V.pdf\">ERV-107 &#8211; Regulador 24 volts para 12 volts<\/a><\/span><\/h5>\n<\/li>\n<\/ul>\n<ul>\n<li>\n<h5><span style=\"color: #ff6600;\"><a style=\"color: #ff6600;\" href=\"http:\/\/www.eatechinterfaces.com.br\/wp-content\/uploads\/2025\/03\/EDC-104-Camera-Re-Fiat-Pulse.pdf\">EDC-104 &#8211; C\u00e2mera R\u00e9 &#8211; Fiat Pulse<\/a><\/span><\/h5>\n<\/li>\n<\/ul>\n","protected":false},"excerpt":{"rendered":"<p>\u00a0 \u00a0 \u00a0Manuais \u00a0 ERV-016 &#8211; Regulador 12 volts ERV-017 &#8211; Regulador 8 volts EAR-018 &#8211; Acionamento remoto ETC-020 &#8211; Temporizador para sensor de estacionamento frontal ETA-021 &#8211; Temporizador 30 minutos para p\u00f3s-chave ESI-035 &#8211; Simulador de imped\u00e2ncia. ECC-077 &#8211; Chaveador de v\u00eddeo para 2 c\u00e2meras ESS-089 &#8211; Antidesligamento start-stop EFSL-096 &#8211; Fonte temporizada 30 [&#8230;]\n","protected":false},"author":2,"featured_media":0,"parent":132,"menu_order":0,"comment_status":"open","ping_status":"open","template":"","meta":{"footnotes":""},"class_list":["post-249","page","type-page","status-publish","hentry"],"_links":{"self":[{"href":"https:\/\/www.eatechinterfaces.com.br\/index.php?rest_route=\/wp\/v2\/pages\/249","targetHints":{"allow":["GET"]}}],"collection":[{"href":"https:\/\/www.eatechinterfaces.com.br\/index.php?rest_route=\/wp\/v2\/pages"}],"about":[{"href":"https:\/\/www.eatechinterfaces.com.br\/index.php?rest_route=\/wp\/v2\/types\/page"}],"author":[{"embeddable":true,"href":"https:\/\/www.eatechinterfaces.com.br\/index.php?rest_route=\/wp\/v2\/users\/2"}],"replies":[{"embeddable":true,"href":"https:\/\/www.eatechinterfaces.com.br\/index.php?rest_route=%2Fwp%2Fv2%2Fcomments&post=249"}],"version-history":[{"count":18,"href":"https:\/\/www.eatechinterfaces.com.br\/index.php?rest_route=\/wp\/v2\/pages\/249\/revisions"}],"predecessor-version":[{"id":2879,"href":"https:\/\/www.eatechinterfaces.com.br\/index.php?rest_route=\/wp\/v2\/pages\/249\/revisions\/2879"}],"up":[{"embeddable":true,"href":"https:\/\/www.eatechinterfaces.com.br\/index.php?rest_route=\/wp\/v2\/pages\/132"}],"wp:attachment":[{"href":"https:\/\/www.eatechinterfaces.com.br\/index.php?rest_route=%2Fwp%2Fv2%2Fmedia&parent=249"}],"curies":[{"name":"wp","href":"https:\/\/api.w.org\/{rel}","templated":true}]}}